{"id":729,"date":"2018-12-19T06:39:03","date_gmt":"2018-12-19T06:39:03","guid":{"rendered":"http:\/\/kcrtechnology.es\/fr\/?page_id=729"},"modified":"2020-11-25T17:44:30","modified_gmt":"2020-11-25T17:44:30","slug":"politique-de-cookies","status":"publish","type":"page","link":"https:\/\/kcrtechnology.es\/fr\/politique-de-cookies\/","title":{"rendered":"Politique de cookies"},"content":{"rendered":"<p><span style=\"font-weight: 400;\">Le site Web <\/span><a href=\"http:\/\/www.kcrtechnology.es\"><span style=\"font-weight: 400;\">www.kcrtechnology.es<\/span><\/a><span style=\"font-weight: 400;\"> est sous la responsabilit\u00e9 de KCR MECHANICAL TECHNOLOGY, S.L. (ci-apr\u00e8s KCR MECHANICAL TECHNOLOGY), domicili\u00e9e C\/. dels Oficis, Nau 3 de 08850 GAV\u00c0 (Barcelone) et ayant pour adresse de courrier \u00e9lectronique <\/span><a href=\"mailto:comercial@kcrtechology.es\"><span style=\"font-weight: 400;\">comercial@kcrtechology.es<\/span><\/a><span style=\"font-weight: 400;\">.<\/span><\/p>\n<p><span style=\"font-weight: 400;\">Par cons\u00e9quent, l\u2019utilisation des cookies est r\u00e9gie par cette \u00ab Politique d\u2019utilisation des cookies \u00bb qui a \u00e9t\u00e9 r\u00e9dig\u00e9e afin d\u2019informer l\u2019utilisateur sur les diff\u00e9rentes fa\u00e7ons dont ils sont utilis\u00e9s sur ses dispositifs et de lui permettre d\u2019en autoriser le traitement de mani\u00e8re \u00e9clair\u00e9e, conform\u00e9ment aux dispositions de la l\u00e9gislation en vigueur.<\/span><\/p>\n<p><strong>Qu\u2019est-ce qu\u2019un cookie et \u00e0 quoi sert-il ?<\/strong><\/p>\n<p><span style=\"font-weight: 400;\">En r\u00e8gle g\u00e9n\u00e9rale, un cookie est un fichier t\u00e9l\u00e9charg\u00e9 sur l\u2019ordinateur de l\u2019utilisateur lorsque celui-ci acc\u00e8de \u00e0 certains sites Web. Les cookies permettent entre autres \u00e0 un site Web de stocker et de r\u00e9cup\u00e9rer des informations sur les habitudes de navigation d\u2019un utilisateur ou de son appareil et, en fonction des informations qu\u2019ils contiennent et de la mani\u00e8re dont l\u2019ordinateur est utilis\u00e9, ils peuvent servir \u00e0 reconna\u00eetre l\u2019utilisateur.<\/span><\/p>\n<p><strong>Quels types de cookies sont couramment utilis\u00e9s ?<\/strong><\/p>\n<p><span style=\"font-weight: 400;\">Nous pr\u00e9sentons ci-apr\u00e8s une classification des cookies couramment utilis\u00e9s suivant diff\u00e9rents types, en fonction de leur responsable, de leur dur\u00e9e de validit\u00e9 et de la finalit\u00e9 de leur utilisation :<\/span><\/p>\n<ol>\n<li><span style=\"font-weight: 400;\"> Type de cookies selon l\u2019entit\u00e9 qui les g\u00e8re :<\/span><\/li>\n<li><strong>Cookies internes<\/strong><span style=\"font-weight: 400;\">: ce sont des cookies qui sont envoy\u00e9s sur le terminal de l\u2019utilisateur depuis un appareil ou un domaine g\u00e9r\u00e9 par l\u2019\u00e9diteur du site Web et \u00e0 partir duquel est fourni le service demand\u00e9 par l\u2019utilisateur ;<\/span><\/li>\n<li><strong>Cookies de tiers<\/strong><span style=\"font-weight: 400;\">: ce sont des cookies qui sont envoy\u00e9s sur le terminal de l\u2019utilisateur depuis un ordinateur ou un domaine qui n\u2019est pas g\u00e9r\u00e9 par l\u2019\u00e9diteur du site Web, mais par une autre entit\u00e9 qui traite les donn\u00e9es collect\u00e9es par les cookies.<\/span><\/li>\n<li><span style=\"font-weight: 400;\"> Type de cookies en fonction de leur dur\u00e9e de validit\u00e9 :<\/span><\/li>\n<li><strong>Cookies de session<\/strong><span style=\"font-weight: 400;\"> : ce sont des cookies con\u00e7us pour collecter et stocker des donn\u00e9es lors de l\u2019acc\u00e8s de l\u2019utilisateur \u00e0 un site Web. Ils sont en g\u00e9n\u00e9ral utilis\u00e9s pour stocker des informations qui ne doivent \u00eatre conserv\u00e9es que pour fournir le service demand\u00e9 par l\u2019utilisateur \u00e0 une seule occasion (par exemple, une liste de produits achet\u00e9s) ;<\/span><\/li>\n<li><strong>Cookies persistants<\/strong><span style=\"font-weight: 400;\"> : ce sont des cookies permettant aux donn\u00e9es de continuer \u00e0 \u00eatre stock\u00e9es sur le terminal et d\u2019\u00eatre consult\u00e9es et trait\u00e9es pendant une p\u00e9riode d\u00e9termin\u00e9e par l\u2019\u00e9diteur du cookie, pouvant aller de quelques minutes \u00e0 plusieurs ann\u00e9es.<\/span><\/li>\n<li><span style=\"font-weight: 400;\"> Type de cookies selon leur finalit\u00e9 :<\/span><\/li>\n<li><strong>Cookies techniques<\/strong><span style=\"font-weight: 400;\">: ce sont des cookies qui permettent \u00e0 l\u2019utilisateur de naviguer sur un site Web, une plate-forme ou une application et d\u2019utiliser les diff\u00e9rentes options ou services que ces derniers contiennent, par exemple, contr\u00f4ler le trafic et la communication de donn\u00e9es, identifier la session, acc\u00e9der \u00e0 des espaces \u00e0 acc\u00e8s restreint, rappeler les \u00e9l\u00e9ments qui composent une commande, effectuer le processus d\u2019achat d\u2019une commande, faire la demande d\u2019inscription ou de participation \u00e0 un \u00e9v\u00e9nement, utiliser des \u00e9l\u00e9ments de s\u00e9curit\u00e9 lors de la navigation, stocker du contenu pour la diffusion de vid\u00e9os ou son ou partager du contenu via les r\u00e9seaux sociaux ;<\/span><\/li>\n<li><strong>Cookies de pr\u00e9f\u00e9rences ou personnalisation<\/strong><span style=\"font-weight: 400;\">: ce sont des cookies qui permettent \u00e0 l\u2019utilisateur d\u2019acc\u00e9der au service avec certaines caract\u00e9ristiques g\u00e9n\u00e9rales pr\u00e9d\u00e9finies en fonction d\u2019un ensemble de crit\u00e8res sur le terminal de l\u2019utilisateur, tels que la langue, le type de navigateur avec lequel il acc\u00e8de au service, la configuration r\u00e9gionale depuis laquelle il acc\u00e8de au service, etc. ;<\/span><\/li>\n<li><strong>Cookies d\u2019analyse ou de mesure<\/strong><span style=\"font-weight: 400;\">: ce sont des cookies qui permettent \u00e0 leur \u00e9diteur de suivre et d\u2019analyser le comportement des utilisateurs des sites Web auxquels ils sont li\u00e9s. Les informations collect\u00e9es via ce type de cookies sont utilis\u00e9es pour mesurer l\u2019activit\u00e9 des sites Web, de l\u2019application ou de la plate-forme et pour cr\u00e9er des profils de navigation des utilisateurs de ces sites, applications et plates-formes, afin d\u2019apporter des am\u00e9liorations en fonction de l\u2019analyse des donn\u00e9es d\u2019utilisation des utilisateurs du service ;<\/span><\/li>\n<li><span style=\"font-weight: 400;\">d<\/span><strong>. Cookies publicitaires<\/strong><span style=\"font-weight: 400;\">: ce sont les cookies qui permettent de g\u00e9rer, de la mani\u00e8re la plus efficace possible, les espaces publicitaires que l\u2019\u00e9diteur aurait \u00e9ventuellement inclus sur un site Web, une application ou une plate-forme \u00e0 partir de laquelle le service demand\u00e9 est fourni sur la base de crit\u00e8res tels que le contenu \u00e9dit\u00e9 ou la fr\u00e9quence \u00e0 laquelle les publicit\u00e9s sont affich\u00e9es ;<\/span><\/li>\n<li><strong>Cookies de publicit\u00e9 comportementale<\/strong><span style=\"font-weight: 400;\">: ces cookies stockent des informations sur le comportement des utilisateurs obtenues gr\u00e2ce \u00e0 l\u2019observation continue de leurs habitudes de navigation, ce qui permet de d\u00e9velopper un profil sp\u00e9cifique pour afficher la publicit\u00e9 en fonction de celui-ci, tout ceci bas\u00e9 sur une d\u00e9cision automatis\u00e9e.<\/span><\/li>\n<\/ol>\n<p>&nbsp;<\/p>\n<p><strong>Mon autorisation est-elle n\u00e9cessaire pour l\u2019installation d\u2019un cookie ?<\/strong><\/p>\n<p><strong>NON<\/strong><span style=\"font-weight: 400;\">, l\u2019autorisation n\u2019est pas requise pour l\u2019installation de cookies techniques ou de ceux strictement n\u00e9cessaires \u00e0 la fourniture d\u2019un service de la soci\u00e9t\u00e9 de l\u2019information express\u00e9ment demand\u00e9 par le destinataire.<\/span><\/p>\n<p><span style=\"font-weight: 400;\">Pour les autres cookies, <\/span><strong>OUI<\/strong><span style=\"font-weight: 400;\">, l\u2019autorisation de l\u2019int\u00e9ress\u00e9 est effectivement requise et peut \u00eatre demand\u00e9e de diff\u00e9rentes mani\u00e8res. Nous consid\u00e9rons que vous acceptez les cookies si vous avez donn\u00e9 votre autorisation en s\u00e9lectionnant l\u2019option correspondante de votre navigateur, en acc\u00e9dant aux param\u00e8tres de confidentialit\u00e9 et en s\u00e9lectionnant l\u2019option qui vous permet de d\u00e9sactiver l\u2019acceptation automatique des cookies, sans pr\u00e9judice du fait qu\u2019\u00e0 tout moment vous pourrez r\u00e9voquer et d\u00e9sactiver les cookies.<\/span><\/p>\n<p>&nbsp;<\/p>\n<p><strong>Quels types de cookies ce site Web utilise-t-il ?<\/strong><\/p>\n<p><span style=\"font-weight: 400;\">Le domaine Internet <\/span><a href=\"http:\/\/www.kcrtechnology.es\"><span style=\"font-weight: 400;\">www.kcrtechnology.es<\/span><\/a> <span style=\"font-weight: 400;\">utilise les types de cookies suivants :<\/span><\/p>\n<p>&nbsp;<\/p>\n<table>\n<tbody>\n<tr>\n<td style=\"border: 1px solid #000;\"><span style=\"font-weight: 400;\">Nom du cookie<\/span><\/td>\n<td style=\"border: 1px solid #000;\"><span style=\"font-weight: 400;\">Finalit\u00e9<\/span><\/td>\n<td style=\"border: 1px solid #000;\"><span style=\"font-weight: 400;\">Dur\u00e9e<\/span><\/td>\n<td style=\"border: 1px solid #000;\"><span style=\"font-weight: 400;\">Entit\u00e9<\/span><\/td>\n<td style=\"border: 1px solid #000;\"><span style=\"font-weight: 400;\">Devoir d\u2019information et autorisation<\/span><\/td>\n<td style=\"border: 1px solid #000;\"><span style=\"font-weight: 400;\">Description<\/span><\/td>\n<td style=\"border: 1px solid #000;\"><span style=\"font-weight: 400;\">Expiration<\/span><\/td>\n<\/tr>\n<tr>\n<td style=\"border: 1px solid #000;\"><span style=\"font-weight: 400;\">icl_current_language<\/span><\/td>\n<td style=\"border: 1px solid #000;\"><span style=\"font-weight: 400;\">Technique<\/span><\/td>\n<td style=\"border: 1px solid #000;\"><span style=\"font-weight: 400;\">Session<\/span><\/td>\n<td style=\"border: 1px solid #000;\"><span style=\"font-weight: 400;\">Interne<\/span><\/td>\n<td style=\"border: 1px solid #000;\"><span style=\"font-weight: 400;\">Exclu<\/span><\/td>\n<td style=\"border: 1px solid #000;\"><span style=\"font-weight: 400;\">Cookie strictement n\u00e9cessaire pour enregistrer la langue du site Web sur lequel l\u2019utilisateur navigue.<\/span><\/td>\n<td style=\"border: 1px solid #000;\"><span style=\"font-weight: 400;\">1 jour<\/span><\/td>\n<\/tr>\n<tr>\n<td style=\"border: 1px solid #000;\"><span style=\"font-weight: 400;\">Cookie_notice_accepted<\/span><\/td>\n<td style=\"border: 1px solid #000;\"><span style=\"font-weight: 400;\">Technique<\/span><\/td>\n<td style=\"border: 1px solid #000;\"><span style=\"font-weight: 400;\">Session<\/span><\/td>\n<td style=\"border: 1px solid #000;\"><span style=\"font-weight: 400;\">Interne<\/span><\/td>\n<td style=\"border: 1px solid #000;\"><span style=\"font-weight: 400;\">Exclu<\/span><\/td>\n<td style=\"border: 1px solid #000;\"><span style=\"font-weight: 400;\">Cookie qui sert \u00e0 m\u00e9moriser votre acceptation de notre politique de cookies.<\/span><\/td>\n<td style=\"border: 1px solid #000;\"><span style=\"font-weight: 400;\">1 an<\/span><\/td>\n<\/tr>\n<tr>\n<td style=\"border: 1px solid #000;\"><span style=\"font-weight: 400;\">Wpml_referer_url<\/span><\/td>\n<td style=\"border: 1px solid #000;\"><span style=\"font-weight: 400;\">Technique<\/span><\/td>\n<td style=\"border: 1px solid #000;\"><span style=\"font-weight: 400;\">Session<\/span><\/td>\n<td style=\"border: 1px solid #000;\"><span style=\"font-weight: 400;\">Interne<\/span><\/td>\n<td style=\"border: 1px solid #000;\"><span style=\"font-weight: 400;\">Exclu<\/span><\/td>\n<td style=\"border: 1px solid #000;\"><span style=\"font-weight: 400;\">Cookie qui stocke la derni\u00e8re page visit\u00e9e, pour pouvoir changer la langue dans la m\u00eame section.<\/span><\/td>\n<td style=\"border: 1px solid #000;\"><span style=\"font-weight: 400;\">1 jour<\/span><\/td>\n<\/tr>\n<\/tbody>\n<\/table>\n<p>&nbsp;<\/p>\n<p><strong>Comment d\u00e9sactiver les cookies ?<\/strong><\/p>\n<p><span style=\"font-weight: 400;\">Vous pouvez param\u00e9trer les options du navigateur install\u00e9 sur votre terminal pour permettre, bloquer ou supprimer les cookies install\u00e9s sur votre ordinateur.<\/span><\/p>\n<p><span style=\"font-weight: 400;\">Firefox : <\/span><a href=\"https:\/\/support.mozilla.org\/es\/kb\/habilitar-y-deshabilitar-cookies-sitios-web-rastrear-preferencias\" target=\"_blank\"><span style=\"font-weight: 400;\">https:\/\/support.mozilla.org\/es\/kb\/habilitar-y-deshabilitar-cookies-sitios-web-rastrear-preferencias<\/span><\/a><\/p>\n<p><span style=\"font-weight: 400;\">Chrome : <\/span><a href=\"https:\/\/support.google.com\/chrome\/answer\/95647?hl=es\" target=\"_blank\"><span style=\"font-weight: 400;\">https:\/\/support.google.com\/chrome\/answer\/95647?hl=es<\/span><\/a><\/p>\n<p><span style=\"font-weight: 400;\">Internet Explorer : <\/span><a href=\"https:\/\/support.microsoft.com\/es-es\/topic\/eliminar-y-administrar-cookies-168dab11-0753-043d-7c16-ede5947fc64d#ie=ie-10\" target=\"_blank\"><span style=\"font-weight: 400;\">https:\/\/support.microsoft.com\/es-es\/topic\/eliminar-y-administrar-cookies-168dab11-0753-043d-7c16-ede5947fc64d#ie=ie-10<\/span><\/a><\/p>\n<p><span style=\"font-weight: 400;\">\u00a0Microsoft Edge : <\/span><a href=\"https:\/\/support.microsoft.com\/es-es\/microsoft-edge\/eliminar-las-cookies-en-microsoft-edge-63947406-40ac-c3b8-57b9-2a946a29ae09\" target=\"_blank\"><span style=\"font-weight: 400;\">https:\/\/support.microsoft.com\/es-es\/microsoft-edge\/eliminar-las-cookies-en-microsoft-edge-63947406-40ac-c3b8-57b9-2a946a29ae09<\/span><\/a><\/p>\n<p><span style=\"font-weight: 400;\">\u00a0Safari : <\/span><a href=\"https:\/\/support.apple.com\/ca-es\/guide\/safari\/sfri11471\/mac\" target=\"_blank\"><span style=\"font-weight: 400;\">https:\/\/support.apple.com\/ca-es\/guide\/safari\/sfri11471\/mac<\/span><\/a><\/p>\n<p><span style=\"font-weight: 400;\">Opera : <\/span><a href=\"https:\/\/help.opera.com\/en\/latest\/web-preferences\/#cookies\" target=\"_blank\"><span style=\"font-weight: 400;\">https:\/\/help.opera.com\/en\/latest\/web-preferences\/#cookies<\/span><\/a><\/p>\n<ul>\n<li><span style=\"font-weight: 400;\"> Autres navigateurs : consultez la documentation du navigateur que vous avez install\u00e9.<\/span><\/li>\n<\/ul>\n<p>&nbsp;<\/p>\n<p><strong>Exercice de vos droits<\/strong><\/p>\n<p><span style=\"font-weight: 400;\">Vous pouvez conna\u00eetre et exercer vos droits en mati\u00e8re de protection de donn\u00e9es en consultant notre <\/span><span style=\"font-weight: 400;\">politique de confidentialit\u00e9<\/span><span style=\"font-weight: 400;\">.<\/span><\/p>\n<p>&nbsp;<\/p>\n<p><strong>Informations compl\u00e9mentaires<\/strong><\/p>\n<p><span style=\"font-weight: 400;\">Vous pouvez obtenir des informations compl\u00e9mentaires dans le guide sur l\u2019utilisation des cookies \u00e9dit\u00e9 par l\u2019Agence espagnole pour la protection des donn\u00e9es (AGPD) sur\u00a0: <\/span><a href=\"https:\/\/www.aepd.es\/sites\/default\/files\/2020-07\/guia-cookies.pdf\" target=\"_blank\"><span style=\"font-weight: 400;\">https:\/\/www.aepd.es\/sites\/default\/files\/2020-07\/guia-cookies.pdf<\/span><\/a><\/p>\n","protected":false},"excerpt":{"rendered":"<p>Le site Web www.kcrtechnology.es est sous la responsabilit\u00e9 de KCR MECHANICAL TECHNOLOGY, S.L. (ci-apr\u00e8s KCR MECHANICAL TECHNOLOGY), domicili\u00e9e C\/. dels Oficis, Nau 3 de 08850 GAV\u00c0 (Barcelone) et ayant pour [&hellip;]<\/p>\n","protected":false},"author":1,"featured_media":0,"parent":0,"menu_order":0,"comment_status":"closed","ping_status":"closed","template":"page_int.php","meta":{"footnotes":""},"_links":{"self":[{"href":"https:\/\/kcrtechnology.es\/fr\/wp-json\/wp\/v2\/pages\/729"}],"collection":[{"href":"https:\/\/kcrtechnology.es\/fr\/wp-json\/wp\/v2\/pages"}],"about":[{"href":"https:\/\/kcrtechnology.es\/fr\/wp-json\/wp\/v2\/types\/page"}],"author":[{"embeddable":true,"href":"https:\/\/kcrtechnology.es\/fr\/wp-json\/wp\/v2\/users\/1"}],"replies":[{"embeddable":true,"href":"https:\/\/kcrtechnology.es\/fr\/wp-json\/wp\/v2\/comments?post=729"}],"version-history":[{"count":5,"href":"https:\/\/kcrtechnology.es\/fr\/wp-json\/wp\/v2\/pages\/729\/revisions"}],"predecessor-version":[{"id":755,"href":"https:\/\/kcrtechnology.es\/fr\/wp-json\/wp\/v2\/pages\/729\/revisions\/755"}],"wp:attachment":[{"href":"https:\/\/kcrtechnology.es\/fr\/wp-json\/wp\/v2\/media?parent=729"}],"curies":[{"name":"wp","href":"https:\/\/api.w.org\/{rel}","templated":true}]}}