{"id":471,"date":"2016-11-16T13:01:38","date_gmt":"2016-11-16T13:01:38","guid":{"rendered":"http:\/\/kcrtechnology.es\/kcr\/fr\/?page_id=471"},"modified":"2016-12-02T10:53:42","modified_gmt":"2016-12-02T10:53:42","slug":"contact","status":"publish","type":"page","link":"https:\/\/kcrtechnology.es\/fr\/contact\/","title":{"rendered":"Contact"},"content":{"rendered":"<div class=\"wpb-content-wrapper\"><p>[vc_row][vc_column][vc_column_text]<\/p>\n<h3 style=\"margin-bottom: -3px !important;\"><strong>KCR, Mechanical Technology<\/strong><\/h3>\n<div class=\"contactinfo\">Carrer dels Oficis 3<br \/>\n08850 Gav\u00e0<br \/>\nBarcelona (Espagne)<\/div>\n<div class=\"contactinfo2\">T. <span style=\"font-size: 8px;\">(+34)<\/span> 93 178 59 15<br \/>\nF. <span style=\"font-size: 8px;\">(+34)<\/span> 93 172 02 41<br \/>\n<span style=\"font-weight: bold;\"><a href=\"mailto:comercial@kcrtechnology.es\" target=\"_blank\">comercial@kcrtechnology.es<\/a><br \/>\n<\/span><\/div>\n<p>[\/vc_column_text][\/vc_column][\/vc_row][vc_row][vc_column width=&#8221;1\/2&#8243; el_class=&#8221;mapa&#8221;][vc_gmaps link=&#8221;#E-8_JTNDaWZyYW1lJTIwc3JjJTNEJTIyaHR0cHMlM0ElMkYlMkZ3d3cuZ29vZ2xlLmNvbSUyRm1hcHMlMkZlbWJlZCUzRnBiJTNEJTIxMW0xOCUyMTFtMTIlMjExbTMlMjExZDI5OTcuMzY1MzkxMjg2Nzk5NCUyMTJkMi4wMTQyNDExMDAwMDAwMDElMjEzZDQxLjMwMDkxNDElMjEybTMlMjExZjAlMjEyZjAlMjEzZjAlMjEzbTIlMjExaTEwMjQlMjEyaTc2OCUyMTRmMTMuMSUyMTNtMyUyMTFtMiUyMTFzMHgxMmE0OWQxYzUyMTRmZDA3JTI1M0EweDM5YmZkMGFjMDExNWYwYTElMjEyc0NhcnJlciUyQmRlbHMlMkJPZmljaXMlMjUyQyUyQjMlMjUyQyUyQjA4ODUwJTJCR2F2JTI1QzMlMjVBMCUyNTJDJTJCQmFyY2Vsb25hJTIxNWUwJTIxM20yJTIxMXNlcyUyMTJzZXMlMjE0djE0MzU3NDg4OTQwOTklMjIlMjB3aWR0aCUzRCUyMjYwMCUyMiUyMGhlaWdodCUzRCUyMjUwMCUyMiUyMGZyYW1lYm9yZGVyJTNEJTIyMCUyMiUyMHN0eWxlJTNEJTIyYm9yZGVyJTNBMCUyMiUyMGFsbG93ZnVsbHNjcmVlbiUzRSUzQyUyRmlmcmFtZSUzRQ==&#8221; size=&#8221;340&#8243;][\/vc_column][vc_column width=&#8221;1\/2&#8243; el_class=&#8221;contacto&#8221;]\n<div class=\"wpcf7 no-js\" id=\"wpcf7-f492-o1\" lang=\"es-ES\" dir=\"ltr\">\n<div class=\"screen-reader-response\"><p role=\"status\" aria-live=\"polite\" aria-atomic=\"true\"><\/p> <ul><\/ul><\/div>\n<form action=\"\/fr\/wp-json\/wp\/v2\/pages\/471#wpcf7-f492-o1\" method=\"post\" class=\"wpcf7-form init\" aria-label=\"Contact form\" novalidate=\"novalidate\" data-status=\"init\">\n<div style=\"display: none;\">\n<input type=\"hidden\" name=\"_wpcf7\" value=\"492\" \/>\n<input type=\"hidden\" name=\"_wpcf7_version\" value=\"5.8.2\" \/>\n<input type=\"hidden\" name=\"_wpcf7_locale\" value=\"es_ES\" \/>\n<input type=\"hidden\" name=\"_wpcf7_unit_tag\" value=\"wpcf7-f492-o1\" \/>\n<input type=\"hidden\" name=\"_wpcf7_container_post\" value=\"0\" \/>\n<input type=\"hidden\" name=\"_wpcf7_posted_data_hash\" value=\"\" \/>\n<\/div>\n<style>.wpcf7-checkbox, .wpcf7-checkbox input, .wpcf7-checkbox .wpcf7-list-item {margin-left:0}\n<\/style>\n<div class=\"formcontacto\">\n\t<h3>Information de demande\n\t<\/h3>\n\t<p>Votre nom*:<span class=\"wpcf7-form-control-wrap\" data-name=\"your-name\"><input size=\"40\" class=\"wpcf7-form-control wpcf7-text wpcf7-validates-as-required\" aria-required=\"true\" aria-invalid=\"false\" value=\"\" type=\"text\" name=\"your-name\" \/><\/span>\n\t<\/p>\n\t<p>Le nom*:<span class=\"wpcf7-form-control-wrap\" data-name=\"apellido\"><input size=\"40\" class=\"wpcf7-form-control wpcf7-text wpcf7-validates-as-required\" aria-required=\"true\" aria-invalid=\"false\" value=\"\" type=\"text\" name=\"apellido\" \/><\/span>\n\t<\/p>\n\t<p>Entreprise*:<span class=\"wpcf7-form-control-wrap\" data-name=\"empresa\"><input size=\"40\" class=\"wpcf7-form-control wpcf7-text wpcf7-validates-as-required\" aria-required=\"true\" aria-invalid=\"false\" value=\"\" type=\"text\" name=\"empresa\" \/><\/span>\n\t<\/p>\n\t<p>e-mail*:<span class=\"wpcf7-form-control-wrap\" data-name=\"your-email\"><input size=\"40\" class=\"wpcf7-form-control wpcf7-email wpcf7-validates-as-required wpcf7-text wpcf7-validates-as-email\" aria-required=\"true\" aria-invalid=\"false\" value=\"\" type=\"email\" name=\"your-email\" \/><\/span>\n\t<\/p>\n\t<p>T\u00e9l\u00e9phone:<span class=\"wpcf7-form-control-wrap\" data-name=\"tel-143\"><input size=\"40\" class=\"wpcf7-form-control wpcf7-tel wpcf7-text wpcf7-validates-as-tel\" aria-invalid=\"false\" value=\"\" type=\"tel\" name=\"tel-143\" \/><\/span>\n\t<\/p>\n\t<p class=\"comentarioform\">Objet:<span class=\"wpcf7-form-control-wrap\" data-name=\"your-message\"><textarea cols=\"40\" rows=\"10\" class=\"wpcf7-form-control wpcf7-textarea formarea\" aria-invalid=\"false\" name=\"your-message\"><\/textarea><\/span>\n\t<\/p>\n\t<p class=\"obligatorios\">*Champs obligatoires\n\t<\/p>\n\t<p style=\"padding-left:80px\"><input type=\"hidden\" name=\"_wpcf7_captcha_challenge_captcha-543\" value=\"4099216154\" \/><img class=\"wpcf7-form-control wpcf7-captchac wpcf7-captcha-captcha-543\" width=\"72\" height=\"24\" alt=\"captcha\" src=\"https:\/\/kcrtechnology.es\/kcr\/wp-content\/uploads\/wpcf7_captcha\/4099216154.png\" \/><span class=\"wpcf7-form-control-wrap\" data-name=\"captcha-543\"><input size=\"40\" class=\"wpcf7-form-control wpcf7-captchar capcha2\" autocomplete=\"off\" aria-invalid=\"false\" value=\"\" type=\"text\" name=\"captcha-543\" \/><\/span>\n\t<\/p>\n\t<p class=\"acceptance\"><label>&nbsp;<\/label><span class=\"wpcf7-form-control-wrap\" data-name=\"acceptance-559\"><span class=\"wpcf7-form-control wpcf7-acceptance\"><span class=\"wpcf7-list-item\"><input type=\"checkbox\" name=\"acceptance-559\" value=\"1\" aria-invalid=\"false\" \/><\/span><\/span><\/span>J'ai lu et accept\u00e9 le <a href=\"http:\/\/kcrtechnology.es\/fr\/politique-de-confidentialite\/\" target=\"_blank\">Politique de Confidentialit\u00e9.<\/a>\n\t<\/p>\n\t<p style=\"margin-left:5px\"><span class=\"wpcf7-form-control-wrap\" data-name=\"checkbox-962\"><span class=\"wpcf7-form-control wpcf7-checkbox\"><span class=\"wpcf7-list-item first last\"><input type=\"checkbox\" name=\"checkbox-962[]\" value=\"Je consens express\u00e9ment \u00e0 recevoir des communications commerciales de KCR MECHANICAL TECHNOLOGY, S.L. par courrier \u00e9lectronique, WhatsApp, SMS et autres moyens de communication bureautique, conform\u00e9ment \u00e0 la loi LSSI\/CE 34\/2002.\" \/><span class=\"wpcf7-list-item-label\">Je consens express\u00e9ment \u00e0 recevoir des communications commerciales de KCR MECHANICAL TECHNOLOGY, S.L. par courrier \u00e9lectronique, WhatsApp, SMS et autres moyens de communication bureautique, conform\u00e9ment \u00e0 la loi LSSI\/CE 34\/2002.<\/span><\/span><\/span><\/span>\n\t<\/p>\n\t<p style=\"margin-left:5px\">Si vous ne souhaitez plus recevoir nos communications commerciales, vous pouvez retirer votre consentement en envoyant un courrier \u00e9lectronique \u00e0 l'adresse\u00a0: <a href=\"mailto:comercial@kcrtechnology.es\">comercial@kcrtechnology.es<\/a> en indiquant le mot D\u00c9SINSCRIPTION.\n\t<\/p>\n\t<p class=\"botoncontacto\"><input class=\"wpcf7-form-control wpcf7-submit has-spinner\" type=\"submit\" value=\"Envoyer\" \/>\n\t<\/p>\n<\/div><div class=\"wpcf7-response-output\" aria-hidden=\"true\"><\/div>\n<\/form>\n<\/div>\n[\/vc_column][\/vc_row]<\/p>\n<\/div>","protected":false},"excerpt":{"rendered":"<p>[vc_row][vc_column][vc_column_text] KCR, Mechanical Technology Carrer dels Oficis 3 08850 Gav\u00e0 Barcelona (Espagne) T. (+34) 93 178 59 15 F. (+34) 93 172 02 41 comercial@kcrtechnology.es [\/vc_column_text][\/vc_column][\/vc_row][vc_row][vc_column width=&#8221;1\/2&#8243; el_class=&#8221;mapa&#8221;][vc_gmaps link=&#8221;#E-8_JTNDaWZyYW1lJTIwc3JjJTNEJTIyaHR0cHMlM0ElMkYlMkZ3d3cuZ29vZ2xlLmNvbSUyRm1hcHMlMkZlbWJlZCUzRnBiJTNEJTIxMW0xOCUyMTFtMTIlMjExbTMlMjExZDI5OTcuMzY1MzkxMjg2Nzk5NCUyMTJkMi4wMTQyNDExMDAwMDAwMDElMjEzZDQxLjMwMDkxNDElMjEybTMlMjExZjAlMjEyZjAlMjEzZjAlMjEzbTIlMjExaTEwMjQlMjEyaTc2OCUyMTRmMTMuMSUyMTNtMyUyMTFtMiUyMTFzMHgxMmE0OWQxYzUyMTRmZDA3JTI1M0EweDM5YmZkMGFjMDExNWYwYTElMjEyc0NhcnJlciUyQmRlbHMlMkJPZmljaXMlMjUyQyUyQjMlMjUyQyUyQjA4ODUwJTJCR2F2JTI1QzMlMjVBMCUyNTJDJTJCQmFyY2Vsb25hJTIxNWUwJTIxM20yJTIxMXNlcyUyMTJzZXMlMjE0djE0MzU3NDg4OTQwOTklMjIlMjB3aWR0aCUzRCUyMjYwMCUyMiUyMGhlaWdodCUzRCUyMjUwMCUyMiUyMGZyYW1lYm9yZGVyJTNEJTIyMCUyMiUyMHN0eWxlJTNEJTIyYm9yZGVyJTNBMCUyMiUyMGFsbG93ZnVsbHNjcmVlbiUzRSUzQyUyRmlmcmFtZSUzRQ==&#8221; size=&#8221;340&#8243;][\/vc_column][vc_column [&hellip;]<\/p>\n","protected":false},"author":1,"featured_media":0,"parent":0,"menu_order":0,"comment_status":"open","ping_status":"open","template":"page_int.php","meta":{"footnotes":""},"_links":{"self":[{"href":"https:\/\/kcrtechnology.es\/fr\/wp-json\/wp\/v2\/pages\/471"}],"collection":[{"href":"https:\/\/kcrtechnology.es\/fr\/wp-json\/wp\/v2\/pages"}],"about":[{"href":"https:\/\/kcrtechnology.es\/fr\/wp-json\/wp\/v2\/types\/page"}],"author":[{"embeddable":true,"href":"https:\/\/kcrtechnology.es\/fr\/wp-json\/wp\/v2\/users\/1"}],"replies":[{"embeddable":true,"href":"https:\/\/kcrtechnology.es\/fr\/wp-json\/wp\/v2\/comments?post=471"}],"version-history":[{"count":4,"href":"https:\/\/kcrtechnology.es\/fr\/wp-json\/wp\/v2\/pages\/471\/revisions"}],"predecessor-version":[{"id":525,"href":"https:\/\/kcrtechnology.es\/fr\/wp-json\/wp\/v2\/pages\/471\/revisions\/525"}],"wp:attachment":[{"href":"https:\/\/kcrtechnology.es\/fr\/wp-json\/wp\/v2\/media?parent=471"}],"curies":[{"name":"wp","href":"https:\/\/api.w.org\/{rel}","templated":true}]}}