{"id":469,"date":"2016-11-16T12:59:28","date_gmt":"2016-11-16T12:59:28","guid":{"rendered":"http:\/\/kcrtechnology.es\/kcr\/fr\/?page_id=469"},"modified":"2018-08-29T14:20:50","modified_gmt":"2018-08-29T14:20:50","slug":"installations-et-parc-machines","status":"publish","type":"page","link":"https:\/\/kcrtechnology.es\/fr\/installations-et-parc-machines\/","title":{"rendered":"Installations et parc machines"},"content":{"rendered":"<div class=\"wpb-content-wrapper\"><p>[vc_row css=&#8221;.vc_custom_1437481549115{margin-bottom: 40px !important;}&#8221;][vc_column width=&#8221;1\/2&#8243; el_class=&#8221;mapa&#8221;][vc_column_text]<div class=\"wonderplugingallery-container\" id=\"wonderplugingallery-container-4\" style=\"max-width:480px;margin:0 auto;\"><div class=\"wonderplugingallery\" id=\"wonderplugingallery-4\" data-galleryid=\"4\" data-width=\"480\" data-height=\"340\" data-skin=\"light\" data-random=\"false\" data-autoslide=\"false\" data-autoplayvideo=\"false\" data-schemamarkup=\"false\" data-hidetitlewhenvideoisplaying=\"false\" data-disablehovereventontouch=\"false\" data-autoslideandplayafterfirstplayed=\"false\" data-html5player=\"true\" data-responsive=\"true\" data-fullwidth=\"false\" data-showtitle=\"false\" data-showdescription=\"false\" data-showplaybutton=\"true\" data-showfullscreenbutton=\"true\" data-showtimer=\"true\" data-showcarousel=\"true\" data-galleryshadow=\"false\" data-slideshadow=\"false\" data-thumbshowtitle=\"false\" data-thumbshadow=\"false\" data-lightboxshowtitle=\"true\" data-lightboxshowdescription=\"true\" data-specifyid=\"true\" data-donotinit=\"false\" data-addinitscript=\"false\" data-triggerresize=\"false\" data-thumbcolumnsresponsive=\"false\" data-titlesmallscreen=\"false\" data-initsocial=\"true\" data-showsocial=\"false\" data-showfacebook=\"true\" data-showtwitter=\"true\" data-showpinterest=\"true\" data-socialrotateeffect=\"true\" data-doshortcodeontext=\"false\" data-duration=\"1500\" data-slideduration=\"1000\" data-slideshowinterval=\"6000\" data-googleanalyticsaccount=\"\" data-resizemode=\"fill\" data-imagetoolboxmode=\"mouseover\" data-effect=\"fade\" data-padding=\"12\" data-bgcolor=\"\" data-bgimage=\"\" data-thumbwidth=\"48\" data-thumbheight=\"48\" data-thumbgap=\"8\" data-thumbrowgap=\"16\" data-lightboxtextheight=\"72\" data-lightboxtitlecss=\"{color:#333333; font:bold 12px Arial,Helvetica,sans-serif; overflow:hidden; white-space:normal; line-height:18px;}\" data-lightboxdescriptioncss=\"{color:#333333; font:normal 12px Arial,Helvetica,sans-serif; overflow:hidden; white-space:normal; line-height:14px;}\" data-titlecss=\"{color:#ffffff; font-size:14px; font-family:Armata, sans-serif, Arial; overflow:hidden; white-space:normal; text-align:left; padding:10px 0px 10px 10px;  background:rgb(102, 102, 102) transparent; background:rgba(102, 102, 102, 0.6);}\" data-descriptioncss=\"{color:#ffffff; font-size:12px; font-family:Armata, sans-serif, Arial; overflow:hidden; white-space:normal; text-align:left; padding:0px 0px 10px 10px;  background:rgb(102, 102, 102) transparent; background:rgba(102, 102, 102, 0.6);}\" data-titleheight=\"72\" data-titlesmallscreenwidth=\"640\" data-titleheightsmallscreen=\"148\" data-socialmode=\"mouseover\" data-socialposition=\"position:absolute;top:8px;right:8px;\" data-socialpositionlightbox=\"position:absolute;top:8px;right:8px;\" data-socialdirection=\"horizontal\" data-socialbuttonsize=\"32\" data-socialbuttonfontsize=\"18\" data-triggerresizedelay=\"100\" data-thumbmediumsize=\"800\" data-thumbsmallsize=\"480\" data-thumbmediumwidth=\"64\" data-thumbmediumheight=\"64\" data-thumbsmallwidth=\"48\" data-thumbsmallheight=\"48\" data-jsfolder=\"https:\/\/kcrtechnology.es\/kcr\/wp-content\/plugins\/wonderplugin-gallery\/engine\/\" style=\"display:none;\" ><a href=\"http:\/\/kcrtechnology.es\/kcr\/wp-content\/uploads\/2016\/10\/electroerosion_por_penetracion.jpg\" data-mediatype=1><img class=\"html5galleryimg\" src=\"http:\/\/kcrtechnology.es\/kcr\/wp-content\/uploads\/2016\/10\/electroerosion_por_penetracion-150x150.jpg\" alt=\"1-electroerosion-por-penetracion\"><\/a><a href=\"http:\/\/kcrtechnology.es\/kcr\/wp-content\/uploads\/2016\/10\/1planta_rectificadorasymontaje.jpg\" data-mediatype=1><img class=\"html5galleryimg\" src=\"http:\/\/kcrtechnology.es\/kcr\/wp-content\/uploads\/2016\/10\/1planta_rectificadorasymontaje-150x150.jpg\" alt=\"1oplanta-rectificadoras-y-montaje\"><\/a><a href=\"http:\/\/kcrtechnology.es\/kcr\/wp-content\/uploads\/2016\/10\/Sala-rectificadoras.jpg\" data-mediatype=1><img class=\"html5galleryimg\" src=\"http:\/\/kcrtechnology.es\/kcr\/wp-content\/uploads\/2016\/10\/Sala-rectificadoras-150x150.jpg\" alt=\"sala-rectificadoras\"><\/a><a href=\"http:\/\/kcrtechnology.es\/kcr\/wp-content\/uploads\/2016\/10\/sala_maquinas_vista_global.jpg\" data-mediatype=1><img class=\"html5galleryimg\" src=\"http:\/\/kcrtechnology.es\/kcr\/wp-content\/uploads\/2016\/10\/sala_maquinas_vista_global-150x150.jpg\" alt=\"sala-de-maquinas-vista-global\"><\/a><a href=\"http:\/\/kcrtechnology.es\/kcr\/wp-content\/uploads\/2016\/10\/Rectificadoras-planas.jpg\" data-mediatype=1><img class=\"html5galleryimg\" src=\"http:\/\/kcrtechnology.es\/kcr\/wp-content\/uploads\/2016\/10\/Rectificadoras-planas-150x150.jpg\" alt=\"rectificadoras-planas\"><\/a><a href=\"http:\/\/kcrtechnology.es\/kcr\/wp-content\/uploads\/2016\/10\/Rectificadora-plana.jpg\" data-mediatype=1><img class=\"html5galleryimg\" src=\"http:\/\/kcrtechnology.es\/kcr\/wp-content\/uploads\/2016\/10\/Rectificadora-plana-150x150.jpg\" alt=\"rectificadora-plana\"><\/a><a href=\"http:\/\/kcrtechnology.es\/kcr\/wp-content\/uploads\/2016\/10\/Planta-baja-CNC-y-sala-de-maquinas.jpg\" data-mediatype=1><img class=\"html5galleryimg\" src=\"http:\/\/kcrtechnology.es\/kcr\/wp-content\/uploads\/2016\/10\/Planta-baja-CNC-y-sala-de-maquinas-150x150.jpg\" alt=\"planta-baja-cnc-y-sala-de-maquinas\"><\/a><a href=\"http:\/\/kcrtechnology.es\/kcr\/wp-content\/uploads\/2016\/10\/Maq-hilo-en-accion.jpg\" data-mediatype=1><img class=\"html5galleryimg\" src=\"http:\/\/kcrtechnology.es\/kcr\/wp-content\/uploads\/2016\/10\/Maq-hilo-en-accion-150x150.jpg\" alt=\"maq-hilo-en-accion\"><\/a><a href=\"http:\/\/kcrtechnology.es\/kcr\/wp-content\/uploads\/2016\/10\/hilo-en-accion.jpg\" data-mediatype=1><img class=\"html5galleryimg\" src=\"http:\/\/kcrtechnology.es\/kcr\/wp-content\/uploads\/2016\/10\/hilo-en-accion-150x150.jpg\" alt=\"hilo-en-accion\"><\/a><a href=\"http:\/\/kcrtechnology.es\/kcr\/wp-content\/uploads\/2016\/10\/fresadora-en-accion.jpg\" data-mediatype=1><img class=\"html5galleryimg\" src=\"http:\/\/kcrtechnology.es\/kcr\/wp-content\/uploads\/2016\/10\/fresadora-en-accion-150x150.jpg\" alt=\"fresadora-en-accion\"><\/a><a href=\"http:\/\/kcrtechnology.es\/kcr\/wp-content\/uploads\/2016\/10\/Fachada-de-la-nave.jpg\" data-mediatype=1><img class=\"html5galleryimg\" src=\"http:\/\/kcrtechnology.es\/kcr\/wp-content\/uploads\/2016\/10\/Fachada-de-la-nave-150x150.jpg\" alt=\"fachada-de-la-nave\"><\/a><a href=\"http:\/\/kcrtechnology.es\/kcr\/wp-content\/uploads\/2016\/10\/electroerosion_por_penetracion_2_maq.jpg\" data-mediatype=1><img class=\"html5galleryimg\" src=\"http:\/\/kcrtechnology.es\/kcr\/wp-content\/uploads\/2016\/10\/electroerosion_por_penetracion_2_maq-150x150.jpg\" alt=\"electroerosion-por-penetracion-2-maq\"><\/a><a href=\"http:\/\/kcrtechnology.es\/kcr\/wp-content\/uploads\/2016\/10\/electroerosion_por_penetracion.jpg\" data-mediatype=1><img class=\"html5galleryimg\" src=\"http:\/\/kcrtechnology.es\/kcr\/wp-content\/uploads\/2016\/10\/electroerosion_por_penetracion-150x150.jpg\" alt=\"electro-erosion-por-penetracion-2\"><\/a><a href=\"http:\/\/kcrtechnology.es\/kcr\/wp-content\/uploads\/2016\/10\/electroerosion_por_hilo.jpg\" data-mediatype=1><img class=\"html5galleryimg\" src=\"http:\/\/kcrtechnology.es\/kcr\/wp-content\/uploads\/2016\/10\/electroerosion_por_hilo-150x150.jpg\" alt=\"electro-erosion-por-hilo-2\"><\/a><a href=\"http:\/\/kcrtechnology.es\/kcr\/wp-content\/uploads\/2016\/10\/Dptos.administrativos.jpg\" data-mediatype=1><img class=\"html5galleryimg\" src=\"http:\/\/kcrtechnology.es\/kcr\/wp-content\/uploads\/2016\/10\/Dptos.administrativos-150x150.jpg\" alt=\"dptos-administrativos\"><\/a><a href=\"http:\/\/kcrtechnology.es\/kcr\/wp-content\/uploads\/2016\/10\/Centros-de-mecanizados-verticales.jpg\" data-mediatype=1><img class=\"html5galleryimg\" src=\"http:\/\/kcrtechnology.es\/kcr\/wp-content\/uploads\/2016\/10\/Centros-de-mecanizados-verticales-150x150.jpg\" alt=\"centros-de-mecanizados-verticales\"><\/a><a href=\"http:\/\/kcrtechnology.es\/kcr\/wp-content\/uploads\/2016\/10\/Centro-mecanizado-vertical.jpg\" data-mediatype=1><img class=\"html5galleryimg\" src=\"http:\/\/kcrtechnology.es\/kcr\/wp-content\/uploads\/2016\/10\/Centro-mecanizado-vertical-150x150.jpg\" alt=\"centro-mecanizado-vertical\"><\/a><a href=\"http:\/\/kcrtechnology.es\/kcr\/wp-content\/uploads\/2016\/10\/Centro-mecanizado-DMC.jpg\" data-mediatype=1><img class=\"html5galleryimg\" src=\"http:\/\/kcrtechnology.es\/kcr\/wp-content\/uploads\/2016\/10\/Centro-mecanizado-DMC-150x150.jpg\" alt=\"centro-mecanizado-dmc\"><\/a><div class=\"wonderplugin-engine\"><a href=\"http:\/\/www.wonderplugin.com\/wordpress-gallery\/\" title=\"Responsive WordPress Video Gallery Plugin\">Responsive WordPress Video Gallery Plugin<\/a><\/div><\/div><\/div>[\/vc_column_text][\/vc_column][vc_column width=&#8221;1\/2&#8243; el_class=&#8221;contacto&#8221;][vc_column_text]Nous disposons d\u2019un atelier qui s\u2019est agrandi au fil du temps avec des machines de haute pr\u00e9cision :<\/p>\n<ul class=\"square\">\n<li>1x Electro\u00e9rosion par p\u00e9n\u00e9tration ONA NX4C (2012) &#8211; 600x400x400<\/li>\n<li>1x Electro\u00e9rosion par p\u00e9n\u00e9tration ONA NX4 (2015) &#8211; 600 x 400x 400<\/li>\n<li>1x Centre d\u2019usinage vertical DMG CMX 70 U (2018) &#8211; 750x600x520<\/li>\n<li>2x Centre d\u2019usinage vertical DMG 1035 V\u00a0 (2013) &#8211; 1035x560x510<\/li>\n<li>1x Centre d\u2019usinage vertical DMG 1150 V (2017) &#8211; 1150x700x550<\/li>\n<li>2x Electro\u00e9rosion \u00e0 fil\u00a0Fanuc Robocut\u00a0\u03b1\u00a0-C600iB\u00a0(2018) &#8211; 600x4000x200x200x310<\/li>\n<li>1x Presse Hydraulique MC- 50 &#8211; M3-&gt;\u00e0 M27<\/li>\n<li>1x Rectifieuse 1400X Jones&amp;Shipman (2006)<\/li>\n<li>1x Rectifieuse Okamoto ACC-52 DX (2014)<\/li>\n<li>1x Perceuse radiale IRSA RSE-32<\/li>\n<\/ul>\n<p>Nos installations spacieuses et modernes, reparties sur deux \u00e9tages, avec des salles climatis\u00e9es, nous permettent de d\u00e9velopper notre activit\u00e9 dans des conditions optimums.[\/vc_column_text][\/vc_column][\/vc_row]<\/p>\n<\/div>","protected":false},"excerpt":{"rendered":"<p>[vc_row css=&#8221;.vc_custom_1437481549115{margin-bottom: 40px !important;}&#8221;][vc_column width=&#8221;1\/2&#8243; el_class=&#8221;mapa&#8221;][vc_column_text][\/vc_column_text][\/vc_column][vc_column width=&#8221;1\/2&#8243; el_class=&#8221;contacto&#8221;][vc_column_text]Nous disposons d\u2019un atelier qui s\u2019est agrandi au fil du temps avec des machines de haute pr\u00e9cision : 1x Electro\u00e9rosion par p\u00e9n\u00e9tration ONA [&hellip;]<\/p>\n","protected":false},"author":1,"featured_media":0,"parent":0,"menu_order":0,"comment_status":"open","ping_status":"open","template":"page_int.php","meta":{"footnotes":""},"_links":{"self":[{"href":"https:\/\/kcrtechnology.es\/fr\/wp-json\/wp\/v2\/pages\/469"}],"collection":[{"href":"https:\/\/kcrtechnology.es\/fr\/wp-json\/wp\/v2\/pages"}],"about":[{"href":"https:\/\/kcrtechnology.es\/fr\/wp-json\/wp\/v2\/types\/page"}],"author":[{"embeddable":true,"href":"https:\/\/kcrtechnology.es\/fr\/wp-json\/wp\/v2\/users\/1"}],"replies":[{"embeddable":true,"href":"https:\/\/kcrtechnology.es\/fr\/wp-json\/wp\/v2\/comments?post=469"}],"version-history":[{"count":8,"href":"https:\/\/kcrtechnology.es\/fr\/wp-json\/wp\/v2\/pages\/469\/revisions"}],"predecessor-version":[{"id":680,"href":"https:\/\/kcrtechnology.es\/fr\/wp-json\/wp\/v2\/pages\/469\/revisions\/680"}],"wp:attachment":[{"href":"https:\/\/kcrtechnology.es\/fr\/wp-json\/wp\/v2\/media?parent=469"}],"curies":[{"name":"wp","href":"https:\/\/api.w.org\/{rel}","templated":true}]}}