{"id":463,"date":"2016-11-16T12:48:31","date_gmt":"2016-11-16T12:48:31","guid":{"rendered":"http:\/\/kcrtechnology.es\/kcr\/fr\/?page_id=463"},"modified":"2016-11-16T12:48:31","modified_gmt":"2016-11-16T12:48:31","slug":"presentation-philosophie","status":"publish","type":"page","link":"https:\/\/kcrtechnology.es\/fr\/entreprise\/presentation-philosophie\/","title":{"rendered":"Pr\u00e9sentation\/ Philosophie"},"content":{"rendered":"<div class=\"wpb-content-wrapper\"><p>[vc_row css=&#8221;.vc_custom_1435658096977{margin-bottom: 50px !important;}&#8221;][vc_column width=&#8221;1\/2&#8243;][vc_single_image image=&#8221;401&#8243; img_size=&#8221;large&#8221;][\/vc_column][vc_column width=&#8221;1\/2&#8243;][vc_column_text css=&#8221;.vc_custom_1479300498688{margin-bottom: 10px !important;}&#8221;]En 2012 KCR Mechanical Technology fut cr\u00e9\u00e9 avec l\u2019ambitieux challenge d\u2019\u00eatre un atelier d\u2019excellence, un collaborateur juste, \u00e0 long terme, pour les professionnels du thermoformage. Des outils de d\u00e9coupe (tout format et syst\u00e8me de d\u00e9coupe) en passant par : les moules, plaques de chauffe, \u00e9lectrodes de soudure et pi\u00e8ces de rechange; Nos \u00e9quipes \u2013 hautement qualifi\u00e9es &#8211; vous accompagneront tout au long de votre projet et d\u00e9velopperons pour vous des solutions personnalis\u00e9es garantissant un rapide retour sur l\u2019investissement.<\/p>\n<p>Gr\u00e2ce \u00e0 son exp\u00e9rience et ses connaissances, toute notre \u00e9quipe vous apportera des solutions techniques tant sur des projets de fabrications que de r\u00e9parations. Avec des mat\u00e9riaux en constante \u00e9volution et des exigences chaque jour plus \u00e9lev\u00e9es, nos conseils seront un v\u00e9ritable atout pour votre business.<\/p>\n<p>Nous assurons \u00e9galement la qualit\u00e9 de toutes nos pi\u00e8ces gr\u00e2ce \u00e0 notre D\u00e9partement Qualit\u00e9 qui a su jour apr\u00e8s jour s\u2019entourer des ressources n\u00e9cessaires pour assurer un parfait contr\u00f4le. Tous les moyens ont \u00e9t\u00e9 mis en \u0153uvre pour ne laisser aucune pi\u00e8ce sortir de nos ateliers sans v\u00e9rification\u00a0: de l\u2019\u00e9quipement complet de m\u00e9trologie au contr\u00f4le tridimensionnel, la recherche de la qualit\u00e9 est un challenge constant.<\/p>\n<p>Ensemble nous travaillons pour assurer qualit\u00e9, fonctionnalit\u00e9, d\u00e9lais et un prix juste.[\/vc_column_text][\/vc_column][\/vc_row]<\/p>\n<\/div>","protected":false},"excerpt":{"rendered":"<p>[vc_row css=&#8221;.vc_custom_1435658096977{margin-bottom: 50px !important;}&#8221;][vc_column width=&#8221;1\/2&#8243;][vc_single_image image=&#8221;401&#8243; img_size=&#8221;large&#8221;][\/vc_column][vc_column width=&#8221;1\/2&#8243;][vc_column_text css=&#8221;.vc_custom_1479300498688{margin-bottom: 10px !important;}&#8221;]En 2012 KCR Mechanical Technology fut cr\u00e9\u00e9 avec l\u2019ambitieux challenge d\u2019\u00eatre un atelier d\u2019excellence, un collaborateur juste, \u00e0 long terme, [&hellip;]<\/p>\n","protected":false},"author":1,"featured_media":0,"parent":457,"menu_order":0,"comment_status":"open","ping_status":"open","template":"page_int.php","meta":{"footnotes":""},"_links":{"self":[{"href":"https:\/\/kcrtechnology.es\/fr\/wp-json\/wp\/v2\/pages\/463"}],"collection":[{"href":"https:\/\/kcrtechnology.es\/fr\/wp-json\/wp\/v2\/pages"}],"about":[{"href":"https:\/\/kcrtechnology.es\/fr\/wp-json\/wp\/v2\/types\/page"}],"author":[{"embeddable":true,"href":"https:\/\/kcrtechnology.es\/fr\/wp-json\/wp\/v2\/users\/1"}],"replies":[{"embeddable":true,"href":"https:\/\/kcrtechnology.es\/fr\/wp-json\/wp\/v2\/comments?post=463"}],"version-history":[{"count":1,"href":"https:\/\/kcrtechnology.es\/fr\/wp-json\/wp\/v2\/pages\/463\/revisions"}],"predecessor-version":[{"id":464,"href":"https:\/\/kcrtechnology.es\/fr\/wp-json\/wp\/v2\/pages\/463\/revisions\/464"}],"up":[{"embeddable":true,"href":"https:\/\/kcrtechnology.es\/fr\/wp-json\/wp\/v2\/pages\/457"}],"wp:attachment":[{"href":"https:\/\/kcrtechnology.es\/fr\/wp-json\/wp\/v2\/media?parent=463"}],"curies":[{"name":"wp","href":"https:\/\/api.w.org\/{rel}","templated":true}]}}