{"id":459,"date":"2016-11-16T12:44:22","date_gmt":"2016-11-16T12:44:22","guid":{"rendered":"http:\/\/kcrtechnology.es\/kcr\/fr\/?page_id=459"},"modified":"2016-11-16T12:44:22","modified_gmt":"2016-11-16T12:44:22","slug":"equipe","status":"publish","type":"page","link":"https:\/\/kcrtechnology.es\/fr\/entreprise\/equipe\/","title":{"rendered":"Equipe"},"content":{"rendered":"<div class=\"wpb-content-wrapper\"><p>[vc_row css=&#8221;.vc_custom_1435658096977{margin-bottom: 50px !important;}&#8221;][vc_column width=&#8221;1\/2&#8243;][vc_single_image image=&#8221;404&#8243; img_size=&#8221;large&#8221;][\/vc_column][vc_column width=&#8221;1\/2&#8243;][vc_column_text css=&#8221;.vc_custom_1479300251671{margin-bottom: 10px !important;}&#8221;]Depuis sa cr\u00e9ation KCR Mechanical Technology s\u2019est agrandie tant sur le plan humain que technologique.<\/p>\n<p>Nous disposons d\u2019une \u00e9quipe sp\u00e9cialis\u00e9e et hautement qualifi\u00e9e en\u00a0: ing\u00e9nierie m\u00e9canique, contr\u00f4le qualit\u00e9, fraisage, \u00e9rosion, rectification et montage pour garantir les meilleurs r\u00e9sultats.<\/p>\n<p>Et pour faciliter les relations interentreprises, nos d\u00e9partements Commercial et Administratif seront l\u00e0 pour vous accompagner \u00e0 chacune des phases de votre projet.[\/vc_column_text][\/vc_column][\/vc_row]<\/p>\n<\/div>","protected":false},"excerpt":{"rendered":"<p>[vc_row css=&#8221;.vc_custom_1435658096977{margin-bottom: 50px !important;}&#8221;][vc_column width=&#8221;1\/2&#8243;][vc_single_image image=&#8221;404&#8243; img_size=&#8221;large&#8221;][\/vc_column][vc_column width=&#8221;1\/2&#8243;][vc_column_text css=&#8221;.vc_custom_1479300251671{margin-bottom: 10px !important;}&#8221;]Depuis sa cr\u00e9ation KCR Mechanical Technology s\u2019est agrandie tant sur le plan humain que technologique. Nous disposons d\u2019une \u00e9quipe sp\u00e9cialis\u00e9e [&hellip;]<\/p>\n","protected":false},"author":1,"featured_media":0,"parent":457,"menu_order":0,"comment_status":"open","ping_status":"open","template":"page_int.php","meta":{"footnotes":""},"_links":{"self":[{"href":"https:\/\/kcrtechnology.es\/fr\/wp-json\/wp\/v2\/pages\/459"}],"collection":[{"href":"https:\/\/kcrtechnology.es\/fr\/wp-json\/wp\/v2\/pages"}],"about":[{"href":"https:\/\/kcrtechnology.es\/fr\/wp-json\/wp\/v2\/types\/page"}],"author":[{"embeddable":true,"href":"https:\/\/kcrtechnology.es\/fr\/wp-json\/wp\/v2\/users\/1"}],"replies":[{"embeddable":true,"href":"https:\/\/kcrtechnology.es\/fr\/wp-json\/wp\/v2\/comments?post=459"}],"version-history":[{"count":1,"href":"https:\/\/kcrtechnology.es\/fr\/wp-json\/wp\/v2\/pages\/459\/revisions"}],"predecessor-version":[{"id":460,"href":"https:\/\/kcrtechnology.es\/fr\/wp-json\/wp\/v2\/pages\/459\/revisions\/460"}],"up":[{"embeddable":true,"href":"https:\/\/kcrtechnology.es\/fr\/wp-json\/wp\/v2\/pages\/457"}],"wp:attachment":[{"href":"https:\/\/kcrtechnology.es\/fr\/wp-json\/wp\/v2\/media?parent=459"}],"curies":[{"name":"wp","href":"https:\/\/api.w.org\/{rel}","templated":true}]}}