{"id":457,"date":"2016-11-16T12:27:17","date_gmt":"2016-11-16T12:27:17","guid":{"rendered":"http:\/\/kcrtechnology.es\/kcr\/fr\/?page_id=457"},"modified":"2016-11-16T13:37:17","modified_gmt":"2016-11-16T13:37:17","slug":"entreprise","status":"publish","type":"page","link":"https:\/\/kcrtechnology.es\/fr\/entreprise\/","title":{"rendered":"Entreprise"},"content":{"rendered":"<div class=\"wpb-content-wrapper\"><p>[vc_row css=&#8221;.vc_custom_1435658096977{margin-bottom: 50px !important;}&#8221;][vc_column width=&#8221;1\/2&#8243;][vc_single_image border_color=&#8221;grey&#8221; img_link_target=&#8221;_self&#8221;][\/vc_column][vc_column width=&#8221;1\/2&#8243;][vc_column_text css=&#8221;.vc_custom_1435657428517{margin-bottom: 10px !important;}&#8221;]<strong>KCR<\/strong> fue creada con el ambicioso objetivo de ser un taller de excelencia, poder ser el colaborador experto en utillajes de los fabricantes de termoformadoras.[\/vc_column_text][vc_column_text css=&#8221;.vc_custom_1435657450284{margin-bottom: 10px !important;}&#8221;]Nuestra misi\u00f3n, aportarles soluciones t\u00e9cnicas tanto sobre proyecto de fabricaciones que de reparaciones:[\/vc_column_text][vc_column_text css=&#8221;.vc_custom_1435657547485{margin-bottom: 10px !important;padding-left: 20px !important;}&#8221;]\u2022 \u00datiles de corte<br \/>\n(cualquier formato y\/o sistema del corte)<br \/>\n\u2022 Moldes<br \/>\n\u2022 Piezas de recambio[\/vc_column_text][vc_column_text css=&#8221;.vc_custom_1435657493634{margin-bottom: 10px !important;}&#8221;]Ponemos a su disposici\u00f3n: nuestra experiencia, nuestros conocimientos y nuestros recursos.[\/vc_column_text][vc_column_text css=&#8221;.vc_custom_1435657510292{margin-bottom: 10px !important;}&#8221;]Desde su solicitud hasta m\u00e1s all\u00e1 del proyecto acabado, nuestro objetivo es responder de manera eficaz a todas sus necesidades y satisfacerles. Para ello disponemos de un taller que poco a poco se fue ampliando con m\u00e1quinas de alta precisi\u00f3n manejadas por un equipo de operarios especialistas y altamente cualificados en: Fresado, Erosi\u00f3n, Rectificado y Montaje.[\/vc_column_text][\/vc_column][\/vc_row]<\/p>\n<\/div>","protected":false},"excerpt":{"rendered":"<p>[vc_row css=&#8221;.vc_custom_1435658096977{margin-bottom: 50px !important;}&#8221;][vc_column width=&#8221;1\/2&#8243;][vc_single_image border_color=&#8221;grey&#8221; img_link_target=&#8221;_self&#8221;][\/vc_column][vc_column width=&#8221;1\/2&#8243;][vc_column_text css=&#8221;.vc_custom_1435657428517{margin-bottom: 10px !important;}&#8221;]KCR fue creada con el ambicioso objetivo de ser un taller de excelencia, poder ser el colaborador experto en utillajes [&hellip;]<\/p>\n","protected":false},"author":1,"featured_media":0,"parent":0,"menu_order":0,"comment_status":"open","ping_status":"open","template":"page_int.php","meta":{"footnotes":""},"_links":{"self":[{"href":"https:\/\/kcrtechnology.es\/fr\/wp-json\/wp\/v2\/pages\/457"}],"collection":[{"href":"https:\/\/kcrtechnology.es\/fr\/wp-json\/wp\/v2\/pages"}],"about":[{"href":"https:\/\/kcrtechnology.es\/fr\/wp-json\/wp\/v2\/types\/page"}],"author":[{"embeddable":true,"href":"https:\/\/kcrtechnology.es\/fr\/wp-json\/wp\/v2\/users\/1"}],"replies":[{"embeddable":true,"href":"https:\/\/kcrtechnology.es\/fr\/wp-json\/wp\/v2\/comments?post=457"}],"version-history":[{"count":1,"href":"https:\/\/kcrtechnology.es\/fr\/wp-json\/wp\/v2\/pages\/457\/revisions"}],"predecessor-version":[{"id":458,"href":"https:\/\/kcrtechnology.es\/fr\/wp-json\/wp\/v2\/pages\/457\/revisions\/458"}],"wp:attachment":[{"href":"https:\/\/kcrtechnology.es\/fr\/wp-json\/wp\/v2\/media?parent=457"}],"curies":[{"name":"wp","href":"https:\/\/api.w.org\/{rel}","templated":true}]}}