{"id":766,"date":"2020-12-21T09:25:09","date_gmt":"2020-12-21T09:25:09","guid":{"rendered":"http:\/\/kcrtechnology.es\/?page_id=766"},"modified":"2020-12-21T10:04:43","modified_gmt":"2020-12-21T10:04:43","slug":"politique-de-confidentialite-cv","status":"publish","type":"page","link":"http:\/\/kcrtechnology.es\/fr\/politique-de-confidentialite-cv\/","title":{"rendered":"POLITIQUE DE CONFIDENTIALIT\u00c9  CV"},"content":{"rendered":"\n<p><strong>Traitement de donn\u00e9es processus de s\u00e9lection du personnel.<\/strong><strong><\/strong><\/p>\n\n\n\n<p>Conform\u00e9ment \u00e0 ce qui est \u00e9tabli dans le R\u00e8glement (UE) 2016\/679 du Parlement Europ\u00e9en et du Congr\u00e8s du 27 avril 2016 (RGPD) et la Loi Organique 3\/2018 du 5 d\u00e9cembre 2018, sur la protection des donn\u00e9es personnelles et la garantie des droits num\u00e9riques (LOPGDD) nous vous informons que vos donn\u00e9es personnelles seront int\u00e9gr\u00e9es au Registre des activit\u00e9s de traitement dont&nbsp; KCR MECHANICAL TECHNOLOGY, S.L. (ci-apr\u00e8s d\u00e9sign\u00e9e comme KCR) est responsable, elles seront uniquement trait\u00e9es dans le but de proc\u00e9der \u00e0 la gestion des processus de s\u00e9lection du personnel.<\/p>\n\n\n\n<p>Votre curriculum sera conserv\u00e9, aux fins pr\u00e9vues, pendant un d\u00e9lai maximal d\u2019UN AN, apr\u00e8s lequel il sera d\u00e9truit, en vous garantissant un respect total de la confidentialit\u00e9 de vos donn\u00e9es aussi bien dans le traitement que dans son destruction ult\u00e9rieure. Dans ce sens, une fois le d\u00e9lai mentionn\u00e9 \u00e9coul\u00e9, et si vous souhaitez continuer \u00e0 participer aux processus de s\u00e9lection d\u00e9velopp\u00e9s par KCR nous vous prions de nous envoyer \u00e0 nouveau votre curriculum. Si votre profil professionnel n\u2019\u00e9tait pas int\u00e9ressant, vos donn\u00e9es seront imm\u00e9diatement d\u00e9truites.<\/p>\n\n\n\n<p>La <strong>base l\u00e9gale<\/strong> pour le traitement de vos donn\u00e9es est le consentement de l\u2019int\u00e9ress\u00e9.<\/p>\n\n\n\n<p>Aucune <strong>donn\u00e9e ne sera c\u00e9d\u00e9e \u00e0 des tiers<\/strong>, sauf aux :<\/p>\n\n\n\n<p>&#8211;&nbsp; entreprises sp\u00e9cialis\u00e9es dans les&nbsp; processus de s\u00e9lection du personnel.<\/p>\n\n\n\n<p>&#8211; par obligation l\u00e9gale.<\/p>\n\n\n\n<p>Les transferts de donn\u00e9es \u00e0 des pays tiers ne sont pas pr\u00e9vus.<\/p>\n\n\n\n<p><strong>Droits :<\/strong> Les personnes qui souhaitent travailler avec nous devront compl\u00e9ter le pr\u00e9sent formulaire en y joignant leur curriculum vit\u00e6. L\u2019envoi des donn\u00e9es par l\u2019utilisation des formulaires \u00e9lectroniques de ce site web o par des messages de courrier \u00e9lectronique, suppose le consentement de l\u2019exp\u00e9diteur, en autorisant express\u00e9ment que ce moyen soit utilis\u00e9 comme moyen de communication avec celui-ci.<\/p>\n\n\n\n<p>Toute personne a le droit d\u2019obtenir une confirmation sur le fait que KCR traite les donn\u00e9es personnelles qui la concernent ou non.<\/p>\n\n\n\n<p>Les personnes int\u00e9ress\u00e9es ont le droit d\u2019acc\u00e9der \u00e0 leurs donn\u00e9es personnelles, ainsi que de demander la rectification des donn\u00e9es inexactes ou, le cas \u00e9ch\u00e9ant, de demander leur suppression quand, entre autres motifs, les donn\u00e9es ne sont plus n\u00e9cessaires aux fins pour lesquelles elles ont \u00e9t\u00e9 collect\u00e9es.<\/p>\n\n\n\n<p>En certaines circonstances, les int\u00e9ress\u00e9s pourront demander la limitation du traitement de leurs donn\u00e9es, dans ce cas nous les conserverons uniquement pour l\u2019exercice ou la d\u00e9fense de r\u00e9clamations.<\/p>\n\n\n\n<p>Dans certaines circonstances et pour des raisons li\u00e9es \u00e0 leur situation particuli\u00e8re, les int\u00e9ress\u00e9s pourront s\u2019opposer au traitement de leurs donn\u00e9es. Dans ce cas, KCR cessera de traiter les donn\u00e9es, sauf pour des raisons l\u00e9gitimes imp\u00e9rieuses, ou l\u2019exercice ou la d\u00e9fense d\u2019\u00e9ventuelles r\u00e9clamations.<\/p>\n\n\n\n<p>Vous pourrez exercer mat\u00e9riellement vos droits de la mani\u00e8re suivante :<\/p>\n\n\n\n<p>&#8211; par courrier postal en joignant une copie de votre carte d\u2019identit\u00e9 \u00e0 l\u2019adresse : Carrer dels Oficis, 3 de 08850 GAV\u00c0 (Barcelone)<\/p>\n\n\n\n<p>&#8211; par courrier \u00e9lectronique en joignant une copie de votre carte d\u2019identit\u00e9 \u00e0 l\u2019adresse : <a href=\"mailto:comercial@kcrtechnology.es\">comercial@kcrtechnology.es<\/a>. &nbsp;<\/p>\n\n\n\n<p>&#8211; Aux adresses de courrier postal et\/ou de courrier \u00e9lectronique indiqu\u00e9es nous vous donneront les formulaires correspondants pour exercer mat\u00e9riellement ces droits.<\/p>\n\n\n\n<p>Si vous avez donn\u00e9 votre consentement pour une quelconque finalit\u00e9 concr\u00e8te vous avez le droit de retirer le consentement donn\u00e9 \u00e0 tout moment, sans que cela n\u2019affecte la l\u00e9galit\u00e9 du traitement bas\u00e9 sur le consentement pr\u00e9alable \u00e0 votre r\u00e9tractation.<\/p>\n\n\n\n<p>Si vous estimez que vos droits sont viol\u00e9s en ce qui concerne la protection de vos donn\u00e9es personnelles, en particulier quand vous n\u2019aurez pas obtenu satisfaction dans l\u2019exercice de vos droits, vous pouvez pr\u00e9senter une r\u00e9clamation devant l\u2019autorit\u00e9 de contr\u00f4le comp\u00e9tente en mati\u00e8re de protection des donn\u00e9es \u00e0 travers son site Internet : <a href=\"http:\/\/www.agpd.es.\" data-type=\"URL\" data-id=\"www.agpd.es.\" target=\"_blank\" rel=\"noreferrer noopener\">www.agpd.es<\/a>.<\/p>\n","protected":false},"excerpt":{"rendered":"<p>Traitement de donn\u00e9es processus de s\u00e9lection du personnel. Conform\u00e9ment \u00e0 ce qui est \u00e9tabli dans le R\u00e8glement (UE) 2016\/679 du Parlement Europ\u00e9en et du Congr\u00e8s du 27 avril 2016 (RGPD) [&hellip;]<\/p>\n","protected":false},"author":1,"featured_media":0,"parent":0,"menu_order":0,"comment_status":"closed","ping_status":"closed","template":"page_int.php","meta":{"footnotes":""},"_links":{"self":[{"href":"http:\/\/kcrtechnology.es\/fr\/wp-json\/wp\/v2\/pages\/766"}],"collection":[{"href":"http:\/\/kcrtechnology.es\/fr\/wp-json\/wp\/v2\/pages"}],"about":[{"href":"http:\/\/kcrtechnology.es\/fr\/wp-json\/wp\/v2\/types\/page"}],"author":[{"embeddable":true,"href":"http:\/\/kcrtechnology.es\/fr\/wp-json\/wp\/v2\/users\/1"}],"replies":[{"embeddable":true,"href":"http:\/\/kcrtechnology.es\/fr\/wp-json\/wp\/v2\/comments?post=766"}],"version-history":[{"count":2,"href":"http:\/\/kcrtechnology.es\/fr\/wp-json\/wp\/v2\/pages\/766\/revisions"}],"predecessor-version":[{"id":768,"href":"http:\/\/kcrtechnology.es\/fr\/wp-json\/wp\/v2\/pages\/766\/revisions\/768"}],"wp:attachment":[{"href":"http:\/\/kcrtechnology.es\/fr\/wp-json\/wp\/v2\/media?parent=766"}],"curies":[{"name":"wp","href":"https:\/\/api.w.org\/{rel}","templated":true}]}}