{"id":465,"date":"2016-11-16T12:50:46","date_gmt":"2016-11-16T12:50:46","guid":{"rendered":"http:\/\/kcrtechnology.es\/kcr\/fr\/?page_id=465"},"modified":"2023-10-26T13:07:10","modified_gmt":"2023-10-26T13:07:10","slug":"inicio","status":"publish","type":"page","link":"http:\/\/kcrtechnology.es\/fr\/","title":{"rendered":"Page d&#8217;accueil"},"content":{"rendered":"<div class=\"wpb-content-wrapper\"><p>[vc_row][vc_column][layerslider_vc id=&#8221;1&#8243;][\/vc_column][\/vc_row][vc_row][vc_column width=&#8221;2\/3&#8243;][vc_row_inner css=&#8221;.vc_custom_1435587191781{margin-top: 50px !important;margin-bottom: 30px !important;}&#8221;][vc_column_inner el_class=&#8221;cuadrohome&#8221; width=&#8221;1\/4&#8243;][vc_raw_html]JTNDYSUyMGhyZWYlM0QlMjIlMkZmciUyRmVudHJlcHJpc2UlMkZwcmVzZW50YXRpb24tcGhpbG9zb3BoaWUlMkYlMjIlM0UlM0NkaXYlMjBjbGFzcyUzRCUyMmRlczElMjBmciUyMiUzRSUzQyUyRmRpdiUzRSUzQyUyRmElM0UlMEE=[\/vc_raw_html][\/vc_column_inner][vc_column_inner el_class=&#8221;cuadrohome&#8221; width=&#8221;1\/4&#8243;][vc_raw_html]JTNDYSUyMGhyZWYlM0QlMjIlMkZmciUyRmluc3RhbGxhdGlvbnMtZXQtcGFyYy1tYWNoaW5lcyUyRiUyMiUzRSUzQ2RpdiUyMGNsYXNzJTNEJTIyZGVzMiUyMGZyJTIyJTNFJTNDJTJGZGl2JTNFJTNDJTJGYSUzRQ==[\/vc_raw_html][\/vc_column_inner][vc_column_inner el_class=&#8221;cuadrohome&#8221; width=&#8221;1\/4&#8243;][vc_raw_html]JTNDYSUyMGhyZWYlM0QlMjIlMkZmciUyRnNlcnZpY2VzLWV0LXNvbHV0aW9ucyUyRiUyMiUzRSUzQ2RpdiUyMGNsYXNzJTNEJTIyZGVzMyUyMGZyJTIyJTNFJTNDJTJGZGl2JTNFJTNDJTJGYSUzRQ==[\/vc_raw_html][\/vc_column_inner][vc_column_inner el_class=&#8221;cuadrohome&#8221; width=&#8221;1\/4&#8243;][vc_raw_html]JTNDYSUyMGhyZWYlM0QlMjIlMkZmciUyRmNvbnRhY3QlMkYlMjIlM0UlM0NkaXYlMjBjbGFzcyUzRCUyMmRlczQlMjBmciUyMiUzRSUzQyUyRmRpdiUzRSUzQyUyRmElM0U=[\/vc_raw_html][\/vc_column_inner][\/vc_row_inner][vc_row_inner][vc_column_inner width=&#8221;2\/3&#8243;][vc_widget_sidebar sidebar_id=&#8221;sidebar-6&#8243;][\/vc_column_inner][vc_column_inner width=&#8221;1\/3&#8243; css=&#8221;.vc_custom_1435595950126{padding-right: 0px !important;}&#8221;][vc_column_text]<\/p>\n<div class=\"isos\"><a href=\"#\"><img decoding=\"async\" loading=\"lazy\" class=\" size-thumbnail wp-image-16 alignright\" src=\"\/kcr\/img\/certificacion-iso.png\" alt=\"elemento1\" width=\"100\" height=\"100\" \/><\/a><\/div>\n<p>[\/vc_column_text][\/vc_column_inner][\/vc_row_inner][\/vc_column][vc_column width=&#8221;1\/3&#8243;][vc_column_text css=&#8221;.vc_custom_1435587160371{margin-top: 50px !important;margin-bottom: 20px !important;}&#8221;]<\/p>\n<h4><span style=\"font-size: 25px;\">KCR<\/span>, Mechanical Technology<\/h4>\n<p>[\/vc_column_text][vc_column_text css=&#8221;.vc_custom_1479300592264{margin-bottom: 10px !important;}&#8221;]KCR Mechanical Technology, entreprise \u00e0 taille humaine sp\u00e9cialis\u00e9e dans la fabrication et r\u00e9paration de tout type d\u2019outillages (outils de d\u00e9coupe, moules, pi\u00e8ces de rechange, etc.) pour thermoformeuses, s\u2019est convertie en un v\u00e9ritable collaborateur et appui pour les professionnels du secteur.<\/p>\n<p>Ecoute, savoir-faire, pr\u00e9cision et qualit\u00e9 sont les valeurs suivies par l\u2019entreprise.[\/vc_column_text][\/vc_column][\/vc_row]<\/p>\n<\/div>","protected":false},"excerpt":{"rendered":"<p>[vc_row][vc_column][layerslider_vc id=&#8221;1&#8243;][\/vc_column][\/vc_row][vc_row][vc_column width=&#8221;2\/3&#8243;][vc_row_inner css=&#8221;.vc_custom_1435587191781{margin-top: 50px !important;margin-bottom: 30px !important;}&#8221;][vc_column_inner el_class=&#8221;cuadrohome&#8221; width=&#8221;1\/4&#8243;][vc_raw_html]JTNDYSUyMGhyZWYlM0QlMjIlMkZmciUyRmVudHJlcHJpc2UlMkZwcmVzZW50YXRpb24tcGhpbG9zb3BoaWUlMkYlMjIlM0UlM0NkaXYlMjBjbGFzcyUzRCUyMmRlczElMjBmciUyMiUzRSUzQyUyRmRpdiUzRSUzQyUyRmElM0UlMEE=[\/vc_raw_html][\/vc_column_inner][vc_column_inner el_class=&#8221;cuadrohome&#8221; width=&#8221;1\/4&#8243;][vc_raw_html]JTNDYSUyMGhyZWYlM0QlMjIlMkZmciUyRmluc3RhbGxhdGlvbnMtZXQtcGFyYy1tYWNoaW5lcyUyRiUyMiUzRSUzQ2RpdiUyMGNsYXNzJTNEJTIyZGVzMiUyMGZyJTIyJTNFJTNDJTJGZGl2JTNFJTNDJTJGYSUzRQ==[\/vc_raw_html][\/vc_column_inner][vc_column_inner el_class=&#8221;cuadrohome&#8221; width=&#8221;1\/4&#8243;][vc_raw_html]JTNDYSUyMGhyZWYlM0QlMjIlMkZmciUyRnNlcnZpY2VzLWV0LXNvbHV0aW9ucyUyRiUyMiUzRSUzQ2RpdiUyMGNsYXNzJTNEJTIyZGVzMyUyMGZyJTIyJTNFJTNDJTJGZGl2JTNFJTNDJTJGYSUzRQ==[\/vc_raw_html][\/vc_column_inner][vc_column_inner el_class=&#8221;cuadrohome&#8221; width=&#8221;1\/4&#8243;][vc_raw_html]JTNDYSUyMGhyZWYlM0QlMjIlMkZmciUyRmNvbnRhY3QlMkYlMjIlM0UlM0NkaXYlMjBjbGFzcyUzRCUyMmRlczQlMjBmciUyMiUzRSUzQyUyRmRpdiUzRSUzQyUyRmElM0U=[\/vc_raw_html][\/vc_column_inner][\/vc_row_inner][vc_row_inner][vc_column_inner width=&#8221;2\/3&#8243;][vc_widget_sidebar sidebar_id=&#8221;sidebar-6&#8243;][\/vc_column_inner][vc_column_inner width=&#8221;1\/3&#8243; css=&#8221;.vc_custom_1435595950126{padding-right: 0px !important;}&#8221;][vc_column_text] [\/vc_column_text][\/vc_column_inner][\/vc_row_inner][\/vc_column][vc_column width=&#8221;1\/3&#8243;][vc_column_text css=&#8221;.vc_custom_1435587160371{margin-top: 50px !important;margin-bottom: 20px !important;}&#8221;] KCR, [&hellip;]<\/p>\n","protected":false},"author":1,"featured_media":0,"parent":0,"menu_order":0,"comment_status":"open","ping_status":"open","template":"page-home.php","meta":{"footnotes":""},"_links":{"self":[{"href":"http:\/\/kcrtechnology.es\/fr\/wp-json\/wp\/v2\/pages\/465"}],"collection":[{"href":"http:\/\/kcrtechnology.es\/fr\/wp-json\/wp\/v2\/pages"}],"about":[{"href":"http:\/\/kcrtechnology.es\/fr\/wp-json\/wp\/v2\/types\/page"}],"author":[{"embeddable":true,"href":"http:\/\/kcrtechnology.es\/fr\/wp-json\/wp\/v2\/users\/1"}],"replies":[{"embeddable":true,"href":"http:\/\/kcrtechnology.es\/fr\/wp-json\/wp\/v2\/comments?post=465"}],"version-history":[{"count":7,"href":"http:\/\/kcrtechnology.es\/fr\/wp-json\/wp\/v2\/pages\/465\/revisions"}],"predecessor-version":[{"id":782,"href":"http:\/\/kcrtechnology.es\/fr\/wp-json\/wp\/v2\/pages\/465\/revisions\/782"}],"wp:attachment":[{"href":"http:\/\/kcrtechnology.es\/fr\/wp-json\/wp\/v2\/media?parent=465"}],"curies":[{"name":"wp","href":"https:\/\/api.w.org\/{rel}","templated":true}]}}